{"id":29880,"date":"2025-06-23T16:49:04","date_gmt":"2025-06-23T14:49:04","guid":{"rendered":"https:\/\/supremeraves.com\/?post_type=product&#038;p=29880"},"modified":"2026-02-17T20:56:54","modified_gmt":"2026-02-17T19:56:54","slug":"supreme-heavycotton-t-shirt","status":"publish","type":"product","link":"https:\/\/supremeraves.com\/en\/product\/supreme-heavycotton-t-shirt\/","title":{"rendered":"SUPREME HEAVYCOTTON T-SHIRT - \"LIVE TO RAVE, RAVE TO LIVE\""},"content":{"rendered":"<p data-start=\"210\" data-end=\"268\"><span class=\"relative -mx-px my-[-0.2rem] rounded px-px py-[0.2rem] transition-colors duration-100 ease-in-out\">T-shirt <em data-start=\"7\" data-end=\"20\">Creator 2.0<\/em> with the distinctive slogan \"LIVE TO RAVE, RAVE TO LIVE\" on the back, combines an ecological mindset with a distinctive style. The unisex mid-cut is suitable for both dance and everyday wear.<\/span><\/p>\n<p data-start=\"270\" data-end=\"292\"><strong data-start=\"270\" data-end=\"290\">Cut &amp; material<\/strong><\/p>\n<ul data-start=\"293\" data-end=\"530\">\n<li data-start=\"293\" data-end=\"372\">\n<p data-start=\"295\" data-end=\"372\"><span class=\"relative -mx-px my-[-0.2rem] rounded px-px py-[0.2rem] transition-colors duration-100 ease-in-out\"><strong data-start=\"0\" data-end=\"10\" data-is-only-node=\"\">Cut:<\/strong> medium fit - medium looseness for maximum comfort without sacrificing style<\/span><\/p>\n<\/li>\n<li data-start=\"373\" data-end=\"452\">\n<p data-start=\"375\" data-end=\"452\"><span class=\"relative -mx-px my-[-0.2rem] rounded px-px py-[0.2rem] transition-colors duration-100 ease-in-out\"><strong data-start=\"0\" data-end=\"13\" data-is-only-node=\"\">Material:<\/strong> 100 % organic combed ring-spun, 24 single jersey, approx. 180 g\/m\u00b2 (5.3 oz) - pleasant to the touch, long-lasting and suitable for printing<\/span><\/p>\n<\/li>\n<li data-start=\"453\" data-end=\"530\">\n<p data-start=\"455\" data-end=\"530\"><span class=\"relative -mx-px my-[-0.2rem] rounded px-px py-[0.2rem] transition-colors duration-100 ease-in-out\"><strong data-start=\"0\" data-end=\"11\" data-is-only-node=\"\">Reinforcement<\/strong>: wider ribbed collar (1\u00d71 rib), double seams on sleeves and hem, inner hems - e.g. self-fabric back neck tape for durability<\/span><\/p>\n<\/li>\n<\/ul>\n<p data-start=\"532\" data-end=\"553\"><strong data-start=\"532\" data-end=\"551\">Printing &amp; appearance<\/strong><\/p>\n<ul data-start=\"554\" data-end=\"678\">\n<li data-start=\"554\" data-end=\"595\">\n<p data-start=\"556\" data-end=\"595\"><span class=\"relative -mx-px my-[-0.2rem] rounded px-px py-[0.2rem] transition-colors duration-100 ease-in-out\">On the smooth back of the shirt is precisely printed the slogan <strong data-start=\"58\" data-end=\"90\">\"LIVE TO RAVE, RAVE TO LIVE\"<\/strong>, which stands out thanks to the quality fabric and white\/contrast colour of the print.<\/span><\/p>\n<\/li>\n<li data-start=\"596\" data-end=\"678\">\n<p data-start=\"598\" data-end=\"678\"><span class=\"relative -mx-px my-[-0.2rem] rounded px-px py-[0.2rem] transition-colors duration-100 ease-in-out\">T-shirt is available in black with white print<\/span><\/p>\n<\/li>\n<\/ul>\n<p data-start=\"680\" data-end=\"708\"><strong data-start=\"680\" data-end=\"706\">Benefits you will appreciate:<\/strong><\/p>\n<ul data-start=\"709\" data-end=\"940\">\n<li data-start=\"709\" data-end=\"792\">\n<p data-start=\"711\" data-end=\"792\"><span class=\"relative -mx-px my-[-0.2rem] rounded px-px py-[0.2rem] transition-colors duration-100 ease-in-out\">Organic - GOTS certified organic cotton without vegan components<\/span><\/p>\n<\/li>\n<li data-start=\"793\" data-end=\"868\">\n<p data-start=\"795\" data-end=\"868\">Great printability - ideal for personalisation or distinctive aesthetics<\/p>\n<\/li>\n<li data-start=\"869\" data-end=\"940\">\n<p data-start=\"871\" data-end=\"940\">Durability - double seams and quality collar can withstand frequent wear and washing<\/p>\n<\/li>\n<\/ul>\n<p data-start=\"942\" data-end=\"964\"><strong data-start=\"942\" data-end=\"962\">Styling tips:<\/strong><\/p>\n<ul data-start=\"965\" data-end=\"1190\">\n<li data-start=\"965\" data-end=\"1027\">\n<p data-start=\"967\" data-end=\"1027\">Festival: to neon accessories, shorts or a bold belt<\/p>\n<\/li>\n<li data-start=\"1028\" data-end=\"1107\">\n<p data-start=\"1030\" data-end=\"1107\">Street: with denim, bomber jacket, or under a bolder oversize jacket<\/p>\n<\/li>\n<li data-start=\"1108\" data-end=\"1190\">\n<p data-start=\"1110\" data-end=\"1190\">Loungewear: complemented by a sweatshirt or light jacket - the perfect layering base<\/p>\n<\/li>\n<\/ul>\n<div class=\"_tableContainer_16hzy_1\">\n<div class=\"_tableWrapper_16hzy_14 group flex w-fit flex-col-reverse\" tabindex=\"-1\">\n<table class=\"w-fit min-w-(--thread-content-width)\" data-start=\"1232\" data-end=\"1675\">\n<thead data-start=\"1232\" data-end=\"1266\">\n<tr data-start=\"1232\" data-end=\"1266\">\n<th data-start=\"1232\" data-end=\"1255\" data-col-size=\"sm\">Section<\/th>\n<th data-start=\"1255\" data-end=\"1266\" data-col-size=\"md\">Supplement<\/th>\n<\/tr>\n<\/thead>\n<tbody data-start=\"1302\" data-end=\"1675\">\n<tr data-start=\"1302\" data-end=\"1367\">\n<td data-start=\"1302\" data-end=\"1325\" data-col-size=\"sm\"><strong data-start=\"1304\" data-end=\"1316\">Material<\/strong><\/td>\n<td data-col-size=\"md\" data-start=\"1325\" data-end=\"1367\">100 % GOTS organic combed cotton, 180 g\/m\u00b2<\/td>\n<\/tr>\n<tr data-start=\"1368\" data-end=\"1412\">\n<td data-start=\"1368\" data-end=\"1390\" data-col-size=\"sm\"><strong data-start=\"1370\" data-end=\"1379\">Cut<\/strong><\/td>\n<td data-col-size=\"md\" data-start=\"1390\" data-end=\"1412\">Unisex, medium fit<\/td>\n<\/tr>\n<tr data-start=\"1413\" data-end=\"1471\">\n<td data-start=\"1413\" data-end=\"1436\" data-col-size=\"sm\"><strong data-start=\"1415\" data-end=\"1429\">Seam and hems<\/strong><\/td>\n<td data-col-size=\"md\" data-start=\"1436\" data-end=\"1471\">1\u00d71 rib, double seams, neck tape<\/td>\n<\/tr>\n<tr data-start=\"1472\" data-end=\"1531\">\n<td data-start=\"1472\" data-end=\"1495\" data-col-size=\"sm\"><strong data-start=\"1474\" data-end=\"1495\">Colours &amp; sizes<\/strong><\/td>\n<td data-col-size=\"md\" data-start=\"1495\" data-end=\"1531\">XS-XXL, black with white print<\/td>\n<\/tr>\n<tr data-start=\"1532\" data-end=\"1604\">\n<td data-start=\"1532\" data-end=\"1555\" data-col-size=\"sm\"><strong data-start=\"1534\" data-end=\"1544\">Printing<\/strong><\/td>\n<td data-start=\"1555\" data-end=\"1604\" data-col-size=\"md\">Higher printability - smooth canvas surface<\/td>\n<\/tr>\n<tr data-start=\"1605\" data-end=\"1675\">\n<td data-start=\"1605\" data-end=\"1628\" data-col-size=\"sm\"><strong data-start=\"1607\" data-end=\"1615\">Care<\/strong><\/td>\n<td data-col-size=\"md\" data-start=\"1628\" data-end=\"1675\">Machine wash at 30 \u00b0C on reverse, dry free, do not bleach<\/td>\n<\/tr>\n<\/tbody>\n<\/table>\n<\/div>\n<\/div>","protected":false},"excerpt":{"rendered":"<p><strong data-start=\"188\" data-end=\"218\">LIVE TO RAVE, RAVE TO LIVE<\/strong><\/p>\n<ul>\n<li>iconic unisex t-shirt with a bold print that celebrates a passion for rave&nbsp;<\/li>\n<li>Made from comfortable, breathable cotton, ideal for night sets and daytime street style<\/li>\n<\/ul>","protected":false},"featured_media":29989,"comment_status":"open","ping_status":"closed","template":"","meta":{"ngg_post_thumbnail":0,"_joinchat":[]},"product_brand":[],"product_cat":[195],"product_tag":[],"class_list":{"0":"post-29880","1":"product","2":"type-product","3":"status-publish","4":"has-post-thumbnail","6":"product_cat-merch","8":"first","9":"instock","10":"taxable","11":"shipping-taxable","12":"purchasable","13":"product-type-variable"},"yoast_head":"<!-- This site is optimized with the Yoast SEO plugin v24.9 - https:\/\/yoast.com\/wordpress\/plugins\/seo\/ -->\n<title>SUPREME HEAVYCOTTON T-SHIRT - &quot;LIVE TO RAVE, RAVE TO LIVE&quot; - SUPREME RAVES<\/title>\n<meta name=\"robots\" content=\"index, follow, max-snippet:-1, max-image-preview:large, max-video-preview:-1\" \/>\n<link rel=\"canonical\" href=\"https:\/\/supremeraves.com\/en\/product\/supreme-heavycotton-t-shirt\/\" \/>\n<meta property=\"og:locale\" content=\"en_US\" \/>\n<meta property=\"og:type\" content=\"article\" \/>\n<meta property=\"og:title\" content=\"SUPREME HEAVYCOTTON T-SHIRT - &quot;LIVE TO RAVE, RAVE TO LIVE&quot; - SUPREME RAVES\" \/>\n<meta property=\"og:description\" content=\"LIVE TO RAVE, RAVE TO LIVE   ikonick\u00e9 unisex tri\u010dko s v\u00fdrazn\u00fdm potiskem, kter\u00fd oslavuje v\u00e1\u0161e\u0148 pro rave&nbsp;  vyrobeno z pohodln\u00e9, prody\u0161n\u00e9 bavlny, ide\u00e1ln\u00ed pro no\u010dn\u00ed sety i denn\u00ed street styl\" \/>\n<meta property=\"og:url\" content=\"https:\/\/supremeraves.com\/en\/product\/supreme-heavycotton-t-shirt\/\" \/>\n<meta property=\"og:site_name\" content=\"SUPREME RAVES\" \/>\n<meta property=\"article:modified_time\" content=\"2026-02-17T19:56:54+00:00\" \/>\n<meta property=\"og:image\" content=\"https:\/\/supremeraves.com\/wp-content\/uploads\/2025\/06\/IMG_6407-2-scaled.jpg\" \/>\n\t<meta property=\"og:image:width\" content=\"1707\" \/>\n\t<meta property=\"og:image:height\" content=\"2560\" \/>\n\t<meta property=\"og:image:type\" content=\"image\/jpeg\" \/>\n<meta name=\"twitter:card\" content=\"summary_large_image\" \/>\n<meta name=\"twitter:label1\" content=\"Est. reading time\" \/>\n\t<meta name=\"twitter:data1\" content=\"2 minutes\" \/>\n<script type=\"application\/ld+json\" class=\"yoast-schema-graph\">{\"@context\":\"https:\/\/schema.org\",\"@graph\":[{\"@type\":\"WebPage\",\"@id\":\"https:\/\/supremeraves.com\/produkt\/supreme-heavycotton-t-shirt\/\",\"url\":\"https:\/\/supremeraves.com\/produkt\/supreme-heavycotton-t-shirt\/\",\"name\":\"SUPREME HEAVYCOTTON T-SHIRT - \\\"LIVE TO RAVE, RAVE TO LIVE\\\" - SUPREME RAVES\",\"isPartOf\":{\"@id\":\"https:\/\/supremeraves.com\/#website\"},\"primaryImageOfPage\":{\"@id\":\"https:\/\/supremeraves.com\/produkt\/supreme-heavycotton-t-shirt\/#primaryimage\"},\"image\":{\"@id\":\"https:\/\/supremeraves.com\/produkt\/supreme-heavycotton-t-shirt\/#primaryimage\"},\"thumbnailUrl\":\"https:\/\/supremeraves.com\/wp-content\/uploads\/2025\/06\/IMG_6407-2-scaled.jpg\",\"datePublished\":\"2025-06-23T14:49:04+00:00\",\"dateModified\":\"2026-02-17T19:56:54+00:00\",\"breadcrumb\":{\"@id\":\"https:\/\/supremeraves.com\/produkt\/supreme-heavycotton-t-shirt\/#breadcrumb\"},\"inLanguage\":\"en-US\",\"potentialAction\":[{\"@type\":\"ReadAction\",\"target\":[\"https:\/\/supremeraves.com\/produkt\/supreme-heavycotton-t-shirt\/\"]}]},{\"@type\":\"ImageObject\",\"inLanguage\":\"en-US\",\"@id\":\"https:\/\/supremeraves.com\/produkt\/supreme-heavycotton-t-shirt\/#primaryimage\",\"url\":\"https:\/\/supremeraves.com\/wp-content\/uploads\/2025\/06\/IMG_6407-2-scaled.jpg\",\"contentUrl\":\"https:\/\/supremeraves.com\/wp-content\/uploads\/2025\/06\/IMG_6407-2-scaled.jpg\",\"width\":1707,\"height\":2560},{\"@type\":\"BreadcrumbList\",\"@id\":\"https:\/\/supremeraves.com\/produkt\/supreme-heavycotton-t-shirt\/#breadcrumb\",\"itemListElement\":[{\"@type\":\"ListItem\",\"position\":1,\"name\":\"Home\",\"item\":\"https:\/\/supremeraves.com\/\"},{\"@type\":\"ListItem\",\"position\":2,\"name\":\"MERCH\",\"item\":\"https:\/\/supremeraves.com\/merch\/\"},{\"@type\":\"ListItem\",\"position\":3,\"name\":\"SUPREME HEAVYCOTTON T-SHIRT &#8211; &#8220;LIVE TO RAVE, RAVE TO LIVE&#8221;\"}]},{\"@type\":\"WebSite\",\"@id\":\"https:\/\/supremeraves.com\/#website\",\"url\":\"https:\/\/supremeraves.com\/\",\"name\":\"SUPREME RAVES\",\"description\":\"\",\"potentialAction\":[{\"@type\":\"SearchAction\",\"target\":{\"@type\":\"EntryPoint\",\"urlTemplate\":\"https:\/\/supremeraves.com\/?s={search_term_string}\"},\"query-input\":{\"@type\":\"PropertyValueSpecification\",\"valueRequired\":true,\"valueName\":\"search_term_string\"}}],\"inLanguage\":\"en-US\"}]}<\/script>\n<!-- \/ Yoast SEO plugin. -->","yoast_head_json":{"title":"SUPREME HEAVYCOTTON T-SHIRT - \"LIVE TO RAVE, RAVE TO LIVE\" - SUPREME RAVES","robots":{"index":"index","follow":"follow","max-snippet":"max-snippet:-1","max-image-preview":"max-image-preview:large","max-video-preview":"max-video-preview:-1"},"canonical":"https:\/\/supremeraves.com\/en\/product\/supreme-heavycotton-t-shirt\/","og_locale":"en_US","og_type":"article","og_title":"SUPREME HEAVYCOTTON T-SHIRT - \"LIVE TO RAVE, RAVE TO LIVE\" - SUPREME RAVES","og_description":"LIVE TO RAVE, RAVE TO LIVE   ikonick\u00e9 unisex tri\u010dko s v\u00fdrazn\u00fdm potiskem, kter\u00fd oslavuje v\u00e1\u0161e\u0148 pro rave&nbsp;  vyrobeno z pohodln\u00e9, prody\u0161n\u00e9 bavlny, ide\u00e1ln\u00ed pro no\u010dn\u00ed sety i denn\u00ed street styl","og_url":"https:\/\/supremeraves.com\/en\/product\/supreme-heavycotton-t-shirt\/","og_site_name":"SUPREME RAVES","article_modified_time":"2026-02-17T19:56:54+00:00","og_image":[{"width":1707,"height":2560,"url":"https:\/\/supremeraves.com\/wp-content\/uploads\/2025\/06\/IMG_6407-2-scaled.jpg","type":"image\/jpeg"}],"twitter_card":"summary_large_image","twitter_misc":{"Est. reading time":"2 minutes"},"schema":{"@context":"https:\/\/schema.org","@graph":[{"@type":"WebPage","@id":"https:\/\/supremeraves.com\/produkt\/supreme-heavycotton-t-shirt\/","url":"https:\/\/supremeraves.com\/produkt\/supreme-heavycotton-t-shirt\/","name":"SUPREME HEAVYCOTTON T-SHIRT - \"LIVE TO RAVE, RAVE TO LIVE\" - SUPREME RAVES","isPartOf":{"@id":"https:\/\/supremeraves.com\/#website"},"primaryImageOfPage":{"@id":"https:\/\/supremeraves.com\/produkt\/supreme-heavycotton-t-shirt\/#primaryimage"},"image":{"@id":"https:\/\/supremeraves.com\/produkt\/supreme-heavycotton-t-shirt\/#primaryimage"},"thumbnailUrl":"https:\/\/supremeraves.com\/wp-content\/uploads\/2025\/06\/IMG_6407-2-scaled.jpg","datePublished":"2025-06-23T14:49:04+00:00","dateModified":"2026-02-17T19:56:54+00:00","breadcrumb":{"@id":"https:\/\/supremeraves.com\/produkt\/supreme-heavycotton-t-shirt\/#breadcrumb"},"inLanguage":"en-US","potentialAction":[{"@type":"ReadAction","target":["https:\/\/supremeraves.com\/produkt\/supreme-heavycotton-t-shirt\/"]}]},{"@type":"ImageObject","inLanguage":"en-US","@id":"https:\/\/supremeraves.com\/produkt\/supreme-heavycotton-t-shirt\/#primaryimage","url":"https:\/\/supremeraves.com\/wp-content\/uploads\/2025\/06\/IMG_6407-2-scaled.jpg","contentUrl":"https:\/\/supremeraves.com\/wp-content\/uploads\/2025\/06\/IMG_6407-2-scaled.jpg","width":1707,"height":2560},{"@type":"BreadcrumbList","@id":"https:\/\/supremeraves.com\/produkt\/supreme-heavycotton-t-shirt\/#breadcrumb","itemListElement":[{"@type":"ListItem","position":1,"name":"Home","item":"https:\/\/supremeraves.com\/"},{"@type":"ListItem","position":2,"name":"MERCH","item":"https:\/\/supremeraves.com\/merch\/"},{"@type":"ListItem","position":3,"name":"SUPREME HEAVYCOTTON T-SHIRT &#8211; &#8220;LIVE TO RAVE, RAVE TO LIVE&#8221;"}]},{"@type":"WebSite","@id":"https:\/\/supremeraves.com\/#website","url":"https:\/\/supremeraves.com\/","name":"SUPREME RAVES","description":"","potentialAction":[{"@type":"SearchAction","target":{"@type":"EntryPoint","urlTemplate":"https:\/\/supremeraves.com\/?s={search_term_string}"},"query-input":{"@type":"PropertyValueSpecification","valueRequired":true,"valueName":"search_term_string"}}],"inLanguage":"en-US"}]}},"_links":{"self":[{"href":"https:\/\/supremeraves.com\/en\/wp-json\/wp\/v2\/product\/29880","targetHints":{"allow":["GET"]}}],"collection":[{"href":"https:\/\/supremeraves.com\/en\/wp-json\/wp\/v2\/product"}],"about":[{"href":"https:\/\/supremeraves.com\/en\/wp-json\/wp\/v2\/types\/product"}],"replies":[{"embeddable":true,"href":"https:\/\/supremeraves.com\/en\/wp-json\/wp\/v2\/comments?post=29880"}],"version-history":[{"count":6,"href":"https:\/\/supremeraves.com\/en\/wp-json\/wp\/v2\/product\/29880\/revisions"}],"predecessor-version":[{"id":29935,"href":"https:\/\/supremeraves.com\/en\/wp-json\/wp\/v2\/product\/29880\/revisions\/29935"}],"wp:featuredmedia":[{"embeddable":true,"href":"https:\/\/supremeraves.com\/en\/wp-json\/wp\/v2\/media\/29989"}],"wp:attachment":[{"href":"https:\/\/supremeraves.com\/en\/wp-json\/wp\/v2\/media?parent=29880"}],"wp:term":[{"taxonomy":"product_brand","embeddable":true,"href":"https:\/\/supremeraves.com\/en\/wp-json\/wp\/v2\/product_brand?post=29880"},{"taxonomy":"product_cat","embeddable":true,"href":"https:\/\/supremeraves.com\/en\/wp-json\/wp\/v2\/product_cat?post=29880"},{"taxonomy":"product_tag","embeddable":true,"href":"https:\/\/supremeraves.com\/en\/wp-json\/wp\/v2\/product_tag?post=29880"}],"curies":[{"name":"wp","href":"https:\/\/api.w.org\/{rel}","templated":true}]}}