{"id":23211,"date":"2024-02-07T19:11:28","date_gmt":"2024-02-07T18:11:28","guid":{"rendered":"https:\/\/supremeraves.com\/terms-and-conditions\/"},"modified":"2025-06-20T11:21:37","modified_gmt":"2025-06-20T09:21:37","slug":"vseobecne-obchodni-podminky","status":"publish","type":"page","link":"https:\/\/supremeraves.com\/pl\/vseobecne-obchodni-podminky\/","title":{"rendered":"Og\u00f3lne warunki handlowe"},"content":{"rendered":"<div data-elementor-type=\"wp-page\" data-elementor-id=\"23211\" class=\"elementor elementor-23211\" data-elementor-post-type=\"page\">\n\t\t\t\t\t\t<section class=\"elementor-section elementor-top-section elementor-element elementor-element-5e9c261d elementor-section-boxed elementor-section-height-default elementor-section-height-default sc_fly_static\" data-id=\"5e9c261d\" data-element_type=\"section\">\n\t\t\t\t\t\t<div class=\"elementor-container elementor-column-gap-extended\">\n\t\t\t\t\t<div class=\"elementor-column elementor-col-100 elementor-top-column elementor-element elementor-element-721e156c sc_inner_width_none sc_content_align_inherit sc_layouts_column_icons_position_left sc_fly_static\" data-id=\"721e156c\" data-element_type=\"column\">\n\t\t\t<div class=\"elementor-widget-wrap elementor-element-populated\">\n\t\t\t\t\t\t<div class=\"elementor-element elementor-element-361c4aa3 sc_fly_static elementor-widget elementor-widget-text-editor\" data-id=\"361c4aa3\" data-element_type=\"widget\" data-widget_type=\"text-editor.default\">\n\t\t\t\t<div class=\"elementor-widget-container\">\n\t\t\t\t\t\t\t\t\t<h1 style=\"text-align: center;\"><strong>Og\u00f3lne warunki handlowe<\/strong><\/h1><p style=\"text-align: center;\"><strong style=\"font-size: 16px; text-align: left; color: #7a7a7a; background-color: transparent; letter-spacing: 0px;\" data-start=\"311\" data-end=\"414\">\u00a0dla sklepu internetowego prowadzonego pod adresem <a href=\"https:\/\/supremeraves.com\/pl\/\" target=\"_new\" rel=\"noopener\" data-start=\"346\" data-end=\"412\">https:\/\/supremeraves.com\/<\/a><\/strong><\/p><p style=\"text-align: center;\" data-start=\"311\" data-end=\"517\">w rozumieniu art. 1751 i nast. ustawy nr 89\/2012 Coll., kodeks cywilny<br data-start=\"484\" data-end=\"487\" \/>(zwane dalej \"Warunkami\")<\/p><hr data-start=\"519\" data-end=\"522\" \/><h3 data-start=\"524\" data-end=\"551\"><strong data-start=\"527\" data-end=\"551\">I. Postanowienia wst\u0119pne<\/strong><\/h3><h2 data-start=\"524\" data-end=\"551\"><span style=\"font-size: 16px; color: #7a7a7a; background-color: transparent; letter-spacing: 0px;\">Niniejszy Regulamin reguluje wzajemne prawa i obowi\u0105zki pomi\u0119dzy:<\/span><\/h2><ul><li style=\"list-style-type: none;\"><ol data-start=\"553\" data-end=\"1179\"><li style=\"list-style-type: none;\"><ul data-start=\"625\" data-end=\"1000\"><li data-start=\"625\" data-end=\"816\"><p data-start=\"627\" data-end=\"816\"><strong data-start=\"627\" data-end=\"643\">Do Sprzedaj\u0105cego<\/strong>:<br data-start=\"644\" data-end=\"647\" \/>Czech Rave Culture z. s..,<br data-start=\"677\" data-end=\"680\" \/>z siedzib\u0105 pod adresem Smetanovo n\u00e1m.979\/2, Moravsk\u00e1 Ostrava, 702 00 Ostrava; numer identyfikacyjny: 22445285; zarejestrowana w S\u0105dzie Okr\u0119gowym w Ostrawie pod numerem L 17462,<br data-start=\"719\" data-end=\"722\" \/>e-mail: <a rel=\"noopener\" data-start=\"760\" data-end=\"784\">support@supremeraves.com<\/a><br data-start=\"784\" data-end=\"787\" \/>(zwany dalej \"Sprzedaj\u0105cym\")<\/p><\/li><li data-start=\"821\" data-end=\"1000\"><p data-start=\"823\" data-end=\"1000\"><strong data-start=\"823\" data-end=\"836\">Do kupuj\u0105cych<\/strong>b\u0119d\u0105cego konsumentem lub przedsi\u0119biorc\u0105, za po\u015brednictwem sklepu internetowego znajduj\u0105cego si\u0119 pod nast\u0119puj\u0105cym adresem internetowym <a href=\"https:\/\/supremeraves.com\/pl\/\" target=\"_new\" rel=\"noopener\" data-start=\"939\" data-end=\"970\">https:\/\/supremeraves.com\/<\/a> (zwany dalej \"interfejsem internetowym\").<\/p><\/li><\/ul><\/li><li data-start=\"1002\" data-end=\"1082\"><p data-start=\"1005\" data-end=\"1082\">Postanowienia niniejszego Regulaminu stanowi\u0105 integraln\u0105 cz\u0119\u015b\u0107 Umowy Zakupu.<\/p><\/li><li data-start=\"1083\" data-end=\"1179\"><p data-start=\"1086\" data-end=\"1179\">Wszelkie odmienne postanowienia Umowy zakupu b\u0119d\u0105 mia\u0142y pierwsze\u0144stwo przed postanowieniami niniejszych Warunk\u00f3w.<\/p><\/li><\/ol><\/li><\/ul><h3><strong data-start=\"204\" data-end=\"234\">II. Zawarcie Umowy Nabycia<\/strong><\/h3><ol data-start=\"236\" data-end=\"1210\"><li data-start=\"236\" data-end=\"444\"><p data-start=\"239\" data-end=\"444\">Interfejs internetowy sklepu zawiera list\u0119 oferowanych towar\u00f3w, w tym ceny poszczeg\u00f3lnych artyku\u0142\u00f3w. Lista towar\u00f3w na stronie internetowej nie stanowi propozycji zawarcia umowy w rozumieniu art. 1732 kodeksu cywilnego.<\/p><\/li><li data-start=\"446\" data-end=\"675\"><p data-start=\"449\" data-end=\"675\"><strong data-start=\"449\" data-end=\"520\">Wysy\u0142aj\u0105c zam\u00f3wienie, Kupuj\u0105cy sk\u0142ada propozycj\u0119 zawarcia umowy kupna-sprzeda\u017cy.<\/strong> Potwierdzenie otrzymania zam\u00f3wienia, kt\u00f3re jest automatycznie wysy\u0142ane poczt\u0105 elektroniczn\u0105, s\u0142u\u017cy wy\u0142\u0105cznie jako informacja o dostarczeniu zam\u00f3wienia i nie stanowi akceptacji projektu umowy.<\/p><\/li><li data-start=\"677\" data-end=\"981\"><p data-start=\"680\" data-end=\"981\"><strong data-start=\"680\" data-end=\"805\">Umowa kupna-sprzeda\u017cy zostaje zawarta dopiero w momencie, gdy Sprzedaj\u0105cy potwierdzi zam\u00f3wienie e-mailem jako przyj\u0119te i tym samym zaakceptuje propozycj\u0119.<\/strong> Sprzedawca jest uprawniony do nieprzyj\u0119cia oferty, w szczeg\u00f3lno\u015bci w przypadku braku towaru w magazynie, istotnego b\u0142\u0119du w cenie lub podejrzenia nadu\u017cycia systemu p\u0142atno\u015bci lub promocji rabatowych.<\/p><\/li><li data-start=\"983\" data-end=\"1210\"><p data-start=\"986\" data-end=\"1210\">Je\u015bli zam\u00f3wienie nie zostanie potwierdzone przez:<br data-start=\"1023\" data-end=\"1026\" \/>- <strong data-start=\"1031\" data-end=\"1043\">72 godziny<\/strong> od jego otrzymania w przypadku towar\u00f3w fizycznych, lub<br data-start=\"1093\" data-end=\"1096\" \/>- <strong data-start=\"1101\" data-end=\"1113\">24 godziny<\/strong> w przypadku bilet\u00f3w elektronicznych,<br data-start=\"1149\" data-end=\"1152\" \/>uznaje si\u0119 za niezaakceptowan\u0105, a umowa nie zosta\u0142a zawarta.<\/p><\/li><\/ol><h3 data-start=\"1217\" data-end=\"1245\"><strong data-start=\"1221\" data-end=\"1245\">III. Warunki dostawy<\/strong><\/h3><ol data-start=\"1247\" data-end=\"1884\"><li data-start=\"1247\" data-end=\"1393\"><p data-start=\"1250\" data-end=\"1393\"><strong data-start=\"1250\" data-end=\"1330\">Towary s\u0105 dostarczane wy\u0142\u0105cznie na terytorium Republiki Czeskiej i Republiki S\u0142owackiej.<\/strong> Kupuj\u0105cy jest zobowi\u0105zany do podania pe\u0142nego i prawid\u0142owego adresu dostawy.<\/p><\/li><li data-start=\"1395\" data-end=\"1563\"><p data-start=\"1398\" data-end=\"1563\">Dostawa jest realizowana przez przewo\u017anika umownego (np. Z\u00e1silkovna, DPD, Poczta Czeska - do ustalenia). Sprzedaj\u0105cy informuje Kupuj\u0105cego o przekazaniu przesy\u0142ki przewo\u017anikowi za po\u015brednictwem poczty elektronicznej.<\/p><\/li><li data-start=\"1565\" data-end=\"1713\"><p data-start=\"1568\" data-end=\"1713\">Bilety elektroniczne (je\u015bli zosta\u0142y uwzgl\u0119dnione w ofercie) s\u0105 wysy\u0142ane w formacie PDF na adres e-mail Kupuj\u0105cego w ci\u0105gu 24 godzin od otrzymania p\u0142atno\u015bci.<\/p><\/li><li data-start=\"1715\" data-end=\"1884\"><p data-start=\"1718\" data-end=\"1884\">Po otrzymaniu przesy\u0142ki Kupuj\u0105cy zobowi\u0105zany jest do sprawdzenia jej integralno\u015bci. W przypadku stwierdzenia uszkodze\u0144 zalecamy nie przyjmowanie przesy\u0142ki i sporz\u0105dzenie protoko\u0142u reklamacyjnego z przewo\u017anikiem.<\/p><\/li><\/ol><h3 data-start=\"1891\" data-end=\"1927\"><strong data-start=\"1895\" data-end=\"1927\">IV. Ceny i warunki p\u0142atno\u015bci<\/strong><\/h3><ol data-start=\"1929\" data-end=\"2571\"><li data-start=\"1929\" data-end=\"2064\"><p data-start=\"1932\" data-end=\"2064\"><strong data-start=\"1932\" data-end=\"2064\">Wszystkie ceny s\u0105 podane w koronach czeskich (CZK) i s\u0105 ostateczne, zawieraj\u0105 podatek VAT i wszystkie mo\u017cliwe op\u0142aty, z wyj\u0105tkiem koszt\u00f3w wysy\u0142ki.<\/strong><\/p><\/li><li data-start=\"2066\" data-end=\"2212\"><p data-start=\"2069\" data-end=\"2212\">P\u0142atno\u015b\u0107 jest mo\u017cliwa za po\u015brednictwem bramki p\u0142atno\u015bci online (np. Stripe, Apple Pay, Google Pay). Kupuj\u0105cy zostanie poinformowany e-mailem po zaakceptowaniu p\u0142atno\u015bci.<\/p><\/li><li data-start=\"2214\" data-end=\"2484\"><p data-start=\"2217\" data-end=\"2484\"><strong data-start=\"2217\" data-end=\"2298\">Cena wysy\u0142ki r\u00f3\u017cni si\u0119 w zale\u017cno\u015bci od wybranej metody dostawy i miejsca docelowego (Czechy lub S\u0142owacja).<\/strong> Dok\u0142adna kwota op\u0142aty za wysy\u0142k\u0119 zostanie wy\u015bwietlona Kupuj\u0105cemu podczas finalizowania zam\u00f3wienia w koszyku.<\/p><\/li><li data-start=\"2486\" data-end=\"2571\"><p data-start=\"2489\" data-end=\"2571\"><strong data-start=\"2489\" data-end=\"2571\">Towary pozostaj\u0105 w\u0142asno\u015bci\u0105 Sprzedaj\u0105cego do momentu ca\u0142kowitej zap\u0142aty ceny zakupu.<\/strong><\/p><\/li><\/ol><h3 data-start=\"1434\" data-end=\"1479\"><strong data-start=\"1437\" data-end=\"1479\">V. Odst\u0105pienie od umowy (konsument)<\/strong><\/h3><ol data-start=\"1481\" data-end=\"2506\"><li data-start=\"1481\" data-end=\"1610\"><p data-start=\"1484\" data-end=\"1610\">Kupuj\u0105cy - konsument ma prawo na podstawie \u00a7 1829 ust. 1 Kodeksu cywilnego do odst\u0105pienia od umowy w terminie <strong data-start=\"1581\" data-end=\"1591\">14 dni<\/strong> od otrzymania towar\u00f3w.<\/p><\/li><li data-start=\"1612\" data-end=\"1807\"><p data-start=\"1615\" data-end=\"1807\">W celu skorzystania z prawa odst\u0105pienia od umowy, Kupuj\u0105cy mo\u017ce skorzysta\u0107 z wzoru formularza znajduj\u0105cego si\u0119 w za\u0142\u0105czniku do niniejszego Regulaminu lub przes\u0142a\u0107 jednoznaczne o\u015bwiadczenie poczt\u0105 elektroniczn\u0105 na adres <a class=\"cursor-pointer\" rel=\"noopener\" data-start=\"1782\" data-end=\"1806\">support@supremeraves.com<\/a>.<\/p><\/li><li data-start=\"1809\" data-end=\"1940\"><p data-start=\"1812\" data-end=\"1940\">Kupuj\u0105cy ma obowi\u0105zek odes\u0142a\u0107 lub przekaza\u0107 towar Sprzedaj\u0105cemu bez zb\u0119dnej zw\u0142oki, nie p\u00f3\u017aniej ni\u017c w terminie 14 dni od dnia, w kt\u00f3rym odst\u0105pi\u0142 od umowy.<\/p><\/li><li data-start=\"1942\" data-end=\"1992\"><p data-start=\"1945\" data-end=\"1992\">Koszty zwi\u0105zane ze zwrotem towaru ponosi Kupuj\u0105cy.<\/p><\/li><li data-start=\"1994\" data-end=\"2265\"><p data-start=\"1997\" data-end=\"2265\">Sprzedaj\u0105cy zwr\u00f3ci Kupuj\u0105cemu wszystkie otrzymane p\u0142atno\u015bci, w tym koszty dostawy (z wyj\u0105tkiem dodatkowych koszt\u00f3w wynikaj\u0105cych z wybranego sposobu dostawy innego ni\u017c najta\u0144szy), w terminie 14 dni od dnia poinformowania go o odst\u0105pieniu od umowy, nie wcze\u015bniej jednak ni\u017c po otrzymaniu zwracanego towaru.<\/p><\/li><li data-start=\"2267\" data-end=\"2506\"><p data-start=\"2270\" data-end=\"2314\"><strong data-start=\"2270\" data-end=\"2313\">Konsument nie mo\u017ce odst\u0105pi\u0107 od umowy<\/strong>:<\/p><ul data-start=\"2318\" data-end=\"2506\"><li data-start=\"2318\" data-end=\"2370\"><p data-start=\"2320\" data-end=\"2370\">za dostaw\u0119 towar\u00f3w zmodyfikowanych zgodnie z \u017cyczeniem Kupuj\u0105cego;<\/p><\/li><li data-start=\"2374\" data-end=\"2506\"><p data-start=\"2376\" data-end=\"2506\">tre\u015bci cyfrowych (np. biletu w formacie PDF), je\u017celi zosta\u0142y one dostarczone za uprzedni\u0105 wyra\u017an\u0105 zgod\u0105 przed up\u0142ywem terminu do odst\u0105pienia od umowy.<\/p><\/li><\/ul><\/li><\/ol><h3 data-start=\"2513\" data-end=\"2558\"><strong data-start=\"2516\" data-end=\"2558\">VI. Roszczenia i prawa wynikaj\u0105ce z wadliwego wykonania<\/strong><\/h3><ol data-start=\"2560\" data-end=\"3040\"><li data-start=\"2560\" data-end=\"2681\"><p data-start=\"2563\" data-end=\"2681\">Prawa wynikaj\u0105ce z wadliwego wykonania s\u0105 regulowane przez kodeks cywilny (\u00a7 2099 i nast.) oraz ustaw\u0119 nr 634\/1992 Coll. o ochronie konsument\u00f3w.<\/p><\/li><li data-start=\"2683\" data-end=\"2841\"><p data-start=\"2686\" data-end=\"2841\">Sprzedaj\u0105cy jest odpowiedzialny za to, \u017ce towary s\u0105 wolne od wad w momencie ich otrzymania. Uznaje si\u0119, \u017ce wada, kt\u00f3ra ujawni\u0142a si\u0119 w ci\u0105gu 1 roku od odbioru, istnia\u0142a w momencie odbioru.<\/p><\/li><li data-start=\"2843\" data-end=\"2918\"><p data-start=\"2846\" data-end=\"2918\">Reklamacje mo\u017cna sk\u0142ada\u0107 poczt\u0105 elektroniczn\u0105 na adres <a class=\"cursor-pointer\" rel=\"noopener\" data-start=\"2893\" data-end=\"2917\">support@supremeraves.com<\/a>.<\/p><\/li><li data-start=\"2920\" data-end=\"3040\"><p data-start=\"2923\" data-end=\"3040\">Reklamacje b\u0119d\u0105 rozstrzygane w terminie 30 dni od dnia z\u0142o\u017cenia reklamacji. O wyniku reklamacji Kupuj\u0105cy zostanie poinformowany drog\u0105 mailow\u0105.<\/p><\/li><\/ol><h3 data-start=\"3047\" data-end=\"3081\"><strong data-start=\"3050\" data-end=\"3081\">VII. Ochrona danych osobowych<\/strong><\/h3><ol data-start=\"3083\" data-end=\"3459\"><li data-start=\"3083\" data-end=\"3176\"><p data-start=\"3086\" data-end=\"3176\">Sprzedawca przetwarza dane osobowe Kupuj\u0105cego zgodnie z Rozporz\u0105dzeniem (UE) 2016\/679 (RODO).<\/p><\/li><li data-start=\"3178\" data-end=\"3360\"><p data-start=\"3181\" data-end=\"3360\">Dane osobowe przetwarzane s\u0105 w celu realizacji umowy kupna-sprzeda\u017cy, prowadzenia konta u\u017cytkownika, ksi\u0119gowo\u015bci oraz marketingu (np. wysy\u0142ania newsletter\u00f3w, je\u015bli Kupuj\u0105cy wyra\u017anie wyrazi na to zgod\u0119).<\/p><\/li><li data-start=\"3362\" data-end=\"3459\"><p data-start=\"3365\" data-end=\"3459\">Szczeg\u00f3\u0142y podano w <strong data-start=\"3392\" data-end=\"3430\">Polityka przetwarzania danych osobowych<\/strong>dost\u0119pne na stronie sklepu internetowego.<\/p><\/li><\/ol><h3 data-start=\"3466\" data-end=\"3502\"><strong data-start=\"3469\" data-end=\"3502\">VIII. Pozas\u0105dowe rozstrzyganie spor\u00f3w<\/strong><\/h3><ol data-start=\"3504\" data-end=\"3830\"><li data-start=\"3504\" data-end=\"3666\"><p data-start=\"3507\" data-end=\"3666\">Kupuj\u0105cy-konsument ma prawo skierowa\u0107 skarg\u0119 do Czeskiej Inspekcji Handlowej (<a class=\"\" href=\"http:\/\/www.coi.cz\" target=\"_new\" rel=\"noopener\" data-start=\"3601\" data-end=\"3611\">www.coi.cz<\/a>) w celu pozas\u0105dowego rozstrzygni\u0119cia sporu konsumenckiego.<\/p><\/li><li data-start=\"3668\" data-end=\"3830\"><p data-start=\"3671\" data-end=\"3830\">Spory konsumenckie mog\u0105 by\u0107 r\u00f3wnie\u017c rozstrzygane za po\u015brednictwem unijnej platformy internetowego rozstrzygania spor\u00f3w: <a class=\"\" href=\"https:\/\/ec.europa.eu\/consumers\/odr\" target=\"_new\" rel=\"noopener\" data-start=\"3758\" data-end=\"3830\">https:\/\/ec.europa.eu\/consumers\/odr<\/a><\/p><\/li><\/ol><h3 data-start=\"3837\" data-end=\"3868\"><strong data-start=\"3840\" data-end=\"3868\">IX. Postanowienia ko\u0144cowe<\/strong><\/h3><ol data-start=\"3870\" data-end=\"4149\"><li data-start=\"3870\" data-end=\"3991\"><p data-start=\"3873\" data-end=\"3991\">Sprzedawca zastrzega sobie prawo do zmiany niniejszego Regulaminu w dowolnym momencie. Nowa wersja obowi\u0105zuje w dniu publikacji w sklepie internetowym.<\/p><\/li><li data-start=\"3993\" data-end=\"4071\"><p data-start=\"3996\" data-end=\"4071\">Umowa pomi\u0119dzy Sprzedaj\u0105cym a Kupuj\u0105cym podlega prawu Republiki Czeskiej.<\/p><\/li><li data-start=\"4073\" data-end=\"4149\"><p data-start=\"4076\" data-end=\"4149\">Niniejsze Warunki wchodz\u0105 w \u017cycie z dniem 20.6.2025 r.<\/p><\/li><\/ol>\t\t\t\t\t\t\t\t<\/div>\n\t\t\t\t<\/div>\n\t\t\t\t\t<\/div>\n\t\t<\/div>\n\t\t\t\t\t<\/div>\n\t\t<\/section>\n\t\t\t\t<section class=\"elementor-section elementor-top-section elementor-element elementor-element-57ebffa sc_layouts_hide_on_wide sc_layouts_hide_on_desktop sc_layouts_hide_on_notebook sc_layouts_hide_on_tablet sc_layouts_hide_on_mobile elementor-section-boxed elementor-section-height-default elementor-section-height-default sc_fly_static\" data-id=\"57ebffa\" data-element_type=\"section\">\n\t\t\t\t\t\t<div class=\"elementor-container elementor-column-gap-extended\">\n\t\t\t\t\t<div class=\"elementor-column elementor-col-100 elementor-top-column elementor-element elementor-element-4dcba84 sc_inner_width_none sc_content_align_inherit sc_layouts_column_icons_position_left sc_fly_static\" data-id=\"4dcba84\" data-element_type=\"column\">\n\t\t\t<div class=\"elementor-widget-wrap elementor-element-populated\">\n\t\t\t\t\t\t<div class=\"elementor-element elementor-element-d6464f7 sc_fly_static elementor-widget elementor-widget-text-editor\" data-id=\"d6464f7\" data-element_type=\"widget\" data-widget_type=\"text-editor.default\">\n\t\t\t\t<div class=\"elementor-widget-container\">\n\t\t\t\t\t\t\t\t\t<p>Lorem ipsum dolor sit amet, consectetur adipiscing elit. Ut elit tellus, luctus nec ullamcorper mattis, pulvinar dapibus leo.<\/p>\t\t\t\t\t\t\t\t<\/div>\n\t\t\t\t<\/div>\n\t\t\t\t\t<\/div>\n\t\t<\/div>\n\t\t\t\t\t<\/div>\n\t\t<\/section>\n\t\t\t\t<\/div>","protected":false},"excerpt":{"rendered":"<p>V\u0161eobecn\u00e9 obchodn\u00ed podm\u00ednky \u00a0pro e-shop provozovan\u00fd na adrese https:\/\/supremeraves.com\/ ve smyslu \u00a7 1751 a n\u00e1sl. z\u00e1kona \u010d. 89\/2012 Sb., ob\u010dansk\u00e9ho z\u00e1kon\u00edku(d\u00e1le jen \u201eObchodn\u00ed podm\u00ednky\u201c) I. \u00davodn\u00ed ustanoven\u00ed Tyto Obchodn\u00ed podm\u00ednky&hellip;<\/p>","protected":false},"author":1,"featured_media":0,"parent":0,"menu_order":0,"comment_status":"closed","ping_status":"closed","template":"","meta":{"ngg_post_thumbnail":0,"_joinchat":[],"footnotes":""},"class_list":["post-23211","page","type-page","status-publish","hentry"],"yoast_head":"<!-- This site is optimized with the Yoast SEO plugin v24.9 - https:\/\/yoast.com\/wordpress\/plugins\/seo\/ -->\n<title>V\u0161eobecn\u00e9 obchodn\u00ed podm\u00ednky - SUPREME RAVES<\/title>\n<meta name=\"robots\" content=\"index, follow, max-snippet:-1, max-image-preview:large, max-video-preview:-1\" \/>\n<link rel=\"canonical\" href=\"https:\/\/supremeraves.com\/pl\/vseobecne-obchodni-podminky\/\" \/>\n<meta property=\"og:locale\" content=\"pl_PL\" \/>\n<meta property=\"og:type\" content=\"article\" \/>\n<meta property=\"og:title\" content=\"V\u0161eobecn\u00e9 obchodn\u00ed podm\u00ednky - SUPREME RAVES\" \/>\n<meta property=\"og:description\" content=\"V\u0161eobecn\u00e9 obchodn\u00ed podm\u00ednky \u00a0pro e-shop provozovan\u00fd na adrese https:\/\/supremeraves.com\/ ve smyslu \u00a7 1751 a n\u00e1sl. z\u00e1kona \u010d. 89\/2012 Sb., ob\u010dansk\u00e9ho z\u00e1kon\u00edku(d\u00e1le jen \u201eObchodn\u00ed podm\u00ednky\u201c) I. \u00davodn\u00ed ustanoven\u00ed Tyto Obchodn\u00ed podm\u00ednky&hellip;\" \/>\n<meta property=\"og:url\" content=\"https:\/\/supremeraves.com\/pl\/vseobecne-obchodni-podminky\/\" \/>\n<meta property=\"og:site_name\" content=\"SUPREME RAVES\" \/>\n<meta property=\"article:modified_time\" content=\"2025-06-20T09:21:37+00:00\" \/>\n<meta name=\"twitter:card\" content=\"summary_large_image\" \/>\n<meta name=\"twitter:label1\" content=\"Szacowany czas czytania\" \/>\n\t<meta name=\"twitter:data1\" content=\"5 minut\" \/>\n<script type=\"application\/ld+json\" class=\"yoast-schema-graph\">{\"@context\":\"https:\/\/schema.org\",\"@graph\":[{\"@type\":\"WebPage\",\"@id\":\"https:\/\/supremeraves.com\/vseobecne-obchodni-podminky\/\",\"url\":\"https:\/\/supremeraves.com\/vseobecne-obchodni-podminky\/\",\"name\":\"V\u0161eobecn\u00e9 obchodn\u00ed podm\u00ednky - SUPREME RAVES\",\"isPartOf\":{\"@id\":\"https:\/\/supremeraves.com\/#website\"},\"datePublished\":\"2024-02-07T18:11:28+00:00\",\"dateModified\":\"2025-06-20T09:21:37+00:00\",\"breadcrumb\":{\"@id\":\"https:\/\/supremeraves.com\/vseobecne-obchodni-podminky\/#breadcrumb\"},\"inLanguage\":\"pl-PL\",\"potentialAction\":[{\"@type\":\"ReadAction\",\"target\":[\"https:\/\/supremeraves.com\/vseobecne-obchodni-podminky\/\"]}]},{\"@type\":\"BreadcrumbList\",\"@id\":\"https:\/\/supremeraves.com\/vseobecne-obchodni-podminky\/#breadcrumb\",\"itemListElement\":[{\"@type\":\"ListItem\",\"position\":1,\"name\":\"Home\",\"item\":\"https:\/\/supremeraves.com\/\"},{\"@type\":\"ListItem\",\"position\":2,\"name\":\"V\u0161eobecn\u00e9 obchodn\u00ed podm\u00ednky\"}]},{\"@type\":\"WebSite\",\"@id\":\"https:\/\/supremeraves.com\/#website\",\"url\":\"https:\/\/supremeraves.com\/\",\"name\":\"SUPREME RAVES\",\"description\":\"\",\"potentialAction\":[{\"@type\":\"SearchAction\",\"target\":{\"@type\":\"EntryPoint\",\"urlTemplate\":\"https:\/\/supremeraves.com\/?s={search_term_string}\"},\"query-input\":{\"@type\":\"PropertyValueSpecification\",\"valueRequired\":true,\"valueName\":\"search_term_string\"}}],\"inLanguage\":\"pl-PL\"}]}<\/script>\n<!-- \/ Yoast SEO plugin. -->","yoast_head_json":{"title":"V\u0161eobecn\u00e9 obchodn\u00ed podm\u00ednky - SUPREME RAVES","robots":{"index":"index","follow":"follow","max-snippet":"max-snippet:-1","max-image-preview":"max-image-preview:large","max-video-preview":"max-video-preview:-1"},"canonical":"https:\/\/supremeraves.com\/pl\/vseobecne-obchodni-podminky\/","og_locale":"pl_PL","og_type":"article","og_title":"V\u0161eobecn\u00e9 obchodn\u00ed podm\u00ednky - SUPREME RAVES","og_description":"V\u0161eobecn\u00e9 obchodn\u00ed podm\u00ednky \u00a0pro e-shop provozovan\u00fd na adrese https:\/\/supremeraves.com\/ ve smyslu \u00a7 1751 a n\u00e1sl. z\u00e1kona \u010d. 89\/2012 Sb., ob\u010dansk\u00e9ho z\u00e1kon\u00edku(d\u00e1le jen \u201eObchodn\u00ed podm\u00ednky\u201c) I. \u00davodn\u00ed ustanoven\u00ed Tyto Obchodn\u00ed podm\u00ednky&hellip;","og_url":"https:\/\/supremeraves.com\/pl\/vseobecne-obchodni-podminky\/","og_site_name":"SUPREME RAVES","article_modified_time":"2025-06-20T09:21:37+00:00","twitter_card":"summary_large_image","twitter_misc":{"Szacowany czas czytania":"5 minut"},"schema":{"@context":"https:\/\/schema.org","@graph":[{"@type":"WebPage","@id":"https:\/\/supremeraves.com\/vseobecne-obchodni-podminky\/","url":"https:\/\/supremeraves.com\/vseobecne-obchodni-podminky\/","name":"V\u0161eobecn\u00e9 obchodn\u00ed podm\u00ednky - SUPREME RAVES","isPartOf":{"@id":"https:\/\/supremeraves.com\/#website"},"datePublished":"2024-02-07T18:11:28+00:00","dateModified":"2025-06-20T09:21:37+00:00","breadcrumb":{"@id":"https:\/\/supremeraves.com\/vseobecne-obchodni-podminky\/#breadcrumb"},"inLanguage":"pl-PL","potentialAction":[{"@type":"ReadAction","target":["https:\/\/supremeraves.com\/vseobecne-obchodni-podminky\/"]}]},{"@type":"BreadcrumbList","@id":"https:\/\/supremeraves.com\/vseobecne-obchodni-podminky\/#breadcrumb","itemListElement":[{"@type":"ListItem","position":1,"name":"Home","item":"https:\/\/supremeraves.com\/"},{"@type":"ListItem","position":2,"name":"V\u0161eobecn\u00e9 obchodn\u00ed podm\u00ednky"}]},{"@type":"WebSite","@id":"https:\/\/supremeraves.com\/#website","url":"https:\/\/supremeraves.com\/","name":"SUPREME RAVES","description":"","potentialAction":[{"@type":"SearchAction","target":{"@type":"EntryPoint","urlTemplate":"https:\/\/supremeraves.com\/?s={search_term_string}"},"query-input":{"@type":"PropertyValueSpecification","valueRequired":true,"valueName":"search_term_string"}}],"inLanguage":"pl-PL"}]}},"_links":{"self":[{"href":"https:\/\/supremeraves.com\/pl\/wp-json\/wp\/v2\/pages\/23211","targetHints":{"allow":["GET"]}}],"collection":[{"href":"https:\/\/supremeraves.com\/pl\/wp-json\/wp\/v2\/pages"}],"about":[{"href":"https:\/\/supremeraves.com\/pl\/wp-json\/wp\/v2\/types\/page"}],"author":[{"embeddable":true,"href":"https:\/\/supremeraves.com\/pl\/wp-json\/wp\/v2\/users\/1"}],"replies":[{"embeddable":true,"href":"https:\/\/supremeraves.com\/pl\/wp-json\/wp\/v2\/comments?post=23211"}],"version-history":[{"count":6,"href":"https:\/\/supremeraves.com\/pl\/wp-json\/wp\/v2\/pages\/23211\/revisions"}],"predecessor-version":[{"id":29875,"href":"https:\/\/supremeraves.com\/pl\/wp-json\/wp\/v2\/pages\/23211\/revisions\/29875"}],"wp:attachment":[{"href":"https:\/\/supremeraves.com\/pl\/wp-json\/wp\/v2\/media?parent=23211"}],"curies":[{"name":"wp","href":"https:\/\/api.w.org\/{rel}","templated":true}]}}