{"id":29880,"date":"2025-06-23T16:49:04","date_gmt":"2025-06-23T14:49:04","guid":{"rendered":"https:\/\/supremeraves.com\/?post_type=product&#038;p=29880"},"modified":"2026-02-17T20:56:54","modified_gmt":"2026-02-17T19:56:54","slug":"supreme-heavycotton-t-shirt","status":"publish","type":"product","link":"https:\/\/supremeraves.com\/pl\/produkt\/supreme-heavycotton-t-shirt\/","title":{"rendered":"KOSZULKA SUPREME HEAVYCOTTON - \"LIVE TO RAVE, RAVE TO LIVE\""},"content":{"rendered":"<p data-start=\"210\" data-end=\"268\"><span class=\"relative -mx-px my-[-0.2rem] rounded px-px py-[0.2rem] transition-colors duration-100 ease-in-out\">Koszulka <em data-start=\"7\" data-end=\"20\">Creator 2.0<\/em> z charakterystycznym sloganem \"LIVE TO RAVE, RAVE TO LIVE\" z ty\u0142u, \u0142\u0105czy ekologiczny spos\u00f3b my\u015blenia z charakterystycznym stylem. Buty unisex o \u015brednim kroju nadaj\u0105 si\u0119 zar\u00f3wno do ta\u0144ca, jak i do noszenia na co dzie\u0144.<\/span><\/p>\n<p data-start=\"270\" data-end=\"292\"><strong data-start=\"270\" data-end=\"290\">Ci\u0119cie i materia\u0142<\/strong><\/p>\n<ul data-start=\"293\" data-end=\"530\">\n<li data-start=\"293\" data-end=\"372\">\n<p data-start=\"295\" data-end=\"372\"><span class=\"relative -mx-px my-[-0.2rem] rounded px-px py-[0.2rem] transition-colors duration-100 ease-in-out\"><strong data-start=\"0\" data-end=\"10\" data-is-only-node=\"\">Ci\u0119cie:<\/strong> \u015bredni kr\u00f3j - \u015bredni luz dla maksymalnego komfortu bez po\u015bwi\u0119cania stylu<\/span><\/p>\n<\/li>\n<li data-start=\"373\" data-end=\"452\">\n<p data-start=\"375\" data-end=\"452\"><span class=\"relative -mx-px my-[-0.2rem] rounded px-px py-[0.2rem] transition-colors duration-100 ease-in-out\"><strong data-start=\"0\" data-end=\"13\" data-is-only-node=\"\">Materia\u0142:<\/strong> 100 % organiczny czesany ring-spun, 24 single jersey, ok. 180 g\/m\u00b2 (5,3 uncji) - przyjemny w dotyku, trwa\u0142y i nadaj\u0105cy si\u0119 do nadruku<\/span><\/p>\n<\/li>\n<li data-start=\"453\" data-end=\"530\">\n<p data-start=\"455\" data-end=\"530\"><span class=\"relative -mx-px my-[-0.2rem] rounded px-px py-[0.2rem] transition-colors duration-100 ease-in-out\"><strong data-start=\"0\" data-end=\"11\" data-is-only-node=\"\">Wzmocnienie<\/strong>: szerszy pr\u0105\u017ckowany ko\u0142nierz (\u015bci\u0105gacz 1\u00d71), podw\u00f3jne szwy na r\u0119kawach i u do\u0142u, wewn\u0119trzne obszycia - np. ta\u015bma wzmacniaj\u0105ca na karku z w\u0142asnej tkaniny dla zwi\u0119kszenia trwa\u0142o\u015bci.<\/span><\/p>\n<\/li>\n<\/ul>\n<p data-start=\"532\" data-end=\"553\"><strong data-start=\"532\" data-end=\"551\">Drukowanie i wygl\u0105d<\/strong><\/p>\n<ul data-start=\"554\" data-end=\"678\">\n<li data-start=\"554\" data-end=\"595\">\n<p data-start=\"556\" data-end=\"595\"><span class=\"relative -mx-px my-[-0.2rem] rounded px-px py-[0.2rem] transition-colors duration-100 ease-in-out\">Na g\u0142adkiej tylnej cz\u0119\u015bci koszulki znajduje si\u0119 precyzyjnie nadrukowany slogan <strong data-start=\"58\" data-end=\"90\">\"\u017bY\u0106 BY SZALE\u0106, SZALE\u0106 BY \u017bY\u0106\"<\/strong>kt\u00f3ry wyr\u00f3\u017cnia si\u0119 dzi\u0119ki wysokiej jako\u015bci tkaninie i bia\u0142emu\/kontrastowemu kolorowi nadruku.<\/span><\/p>\n<\/li>\n<li data-start=\"596\" data-end=\"678\">\n<p data-start=\"598\" data-end=\"678\"><span class=\"relative -mx-px my-[-0.2rem] rounded px-px py-[0.2rem] transition-colors duration-100 ease-in-out\">Koszulka jest dost\u0119pna w kolorze czarnym z bia\u0142ym nadrukiem<\/span><\/p>\n<\/li>\n<\/ul>\n<p data-start=\"680\" data-end=\"708\"><strong data-start=\"680\" data-end=\"706\">Korzy\u015bci, kt\u00f3re docenisz:<\/strong><\/p>\n<ul data-start=\"709\" data-end=\"940\">\n<li data-start=\"709\" data-end=\"792\">\n<p data-start=\"711\" data-end=\"792\"><span class=\"relative -mx-px my-[-0.2rem] rounded px-px py-[0.2rem] transition-colors duration-100 ease-in-out\">Organiczna - bawe\u0142na organiczna z certyfikatem GOTS bez sk\u0142adnik\u00f3w wega\u0144skich<\/span><\/p>\n<\/li>\n<li data-start=\"793\" data-end=\"868\">\n<p data-start=\"795\" data-end=\"868\">Doskona\u0142a drukowalno\u015b\u0107 - idealna do personalizacji lub wyr\u00f3\u017cniaj\u0105cej si\u0119 estetyki<\/p>\n<\/li>\n<li data-start=\"869\" data-end=\"940\">\n<p data-start=\"871\" data-end=\"940\">Wytrzyma\u0142o\u015b\u0107 - podw\u00f3jne szwy i wysokiej jako\u015bci ko\u0142nierz s\u0105 odporne na cz\u0119ste noszenie i pranie.<\/p>\n<\/li>\n<\/ul>\n<p data-start=\"942\" data-end=\"964\"><strong data-start=\"942\" data-end=\"962\">Wskaz\u00f3wki dotycz\u0105ce stylizacji:<\/strong><\/p>\n<ul data-start=\"965\" data-end=\"1190\">\n<li data-start=\"965\" data-end=\"1027\">\n<p data-start=\"967\" data-end=\"1027\">Festiwal: do neonowych akcesori\u00f3w, szort\u00f3w lub odwa\u017cnego paska<\/p>\n<\/li>\n<li data-start=\"1028\" data-end=\"1107\">\n<p data-start=\"1030\" data-end=\"1107\">Street: z d\u017cinsami, kurtk\u0105 bomber lub pod odwa\u017cniejsz\u0105 kurtk\u0105 oversize<\/p>\n<\/li>\n<li data-start=\"1108\" data-end=\"1190\">\n<p data-start=\"1110\" data-end=\"1190\">Str\u00f3j do le\u017cenia: uzupe\u0142niony bluz\u0105 lub lekk\u0105 kurtk\u0105 - idealna baza warstwowa<\/p>\n<\/li>\n<\/ul>\n<div class=\"_tableContainer_16hzy_1\">\n<div class=\"_tableWrapper_16hzy_14 group flex w-fit flex-col-reverse\" tabindex=\"-1\">\n<table class=\"w-fit min-w-(--thread-content-width)\" data-start=\"1232\" data-end=\"1675\">\n<thead data-start=\"1232\" data-end=\"1266\">\n<tr data-start=\"1232\" data-end=\"1266\">\n<th data-start=\"1232\" data-end=\"1255\" data-col-size=\"sm\">Sekcja<\/th>\n<th data-start=\"1255\" data-end=\"1266\" data-col-size=\"md\">Dodatek<\/th>\n<\/tr>\n<\/thead>\n<tbody data-start=\"1302\" data-end=\"1675\">\n<tr data-start=\"1302\" data-end=\"1367\">\n<td data-start=\"1302\" data-end=\"1325\" data-col-size=\"sm\"><strong data-start=\"1304\" data-end=\"1316\">Materia\u0142<\/strong><\/td>\n<td data-col-size=\"md\" data-start=\"1325\" data-end=\"1367\">100 % GOTS organiczna bawe\u0142na czesana, 180 g\/m\u00b2<\/td>\n<\/tr>\n<tr data-start=\"1368\" data-end=\"1412\">\n<td data-start=\"1368\" data-end=\"1390\" data-col-size=\"sm\"><strong data-start=\"1370\" data-end=\"1379\">Ci\u0119cie<\/strong><\/td>\n<td data-col-size=\"md\" data-start=\"1390\" data-end=\"1412\">Unisex, \u015bredni kr\u00f3j<\/td>\n<\/tr>\n<tr data-start=\"1413\" data-end=\"1471\">\n<td data-start=\"1413\" data-end=\"1436\" data-col-size=\"sm\"><strong data-start=\"1415\" data-end=\"1429\">Szwy i obszycia<\/strong><\/td>\n<td data-col-size=\"md\" data-start=\"1436\" data-end=\"1471\">\u015aci\u0105gacz 1\u00d71, podw\u00f3jne szwy, ta\u015bma wzmacniaj\u0105ca na karku<\/td>\n<\/tr>\n<tr data-start=\"1472\" data-end=\"1531\">\n<td data-start=\"1472\" data-end=\"1495\" data-col-size=\"sm\"><strong data-start=\"1474\" data-end=\"1495\">Kolory i rozmiary<\/strong><\/td>\n<td data-col-size=\"md\" data-start=\"1495\" data-end=\"1531\">XS-XXL, czarny z bia\u0142ym nadrukiem<\/td>\n<\/tr>\n<tr data-start=\"1532\" data-end=\"1604\">\n<td data-start=\"1532\" data-end=\"1555\" data-col-size=\"sm\"><strong data-start=\"1534\" data-end=\"1544\">Drukowanie<\/strong><\/td>\n<td data-start=\"1555\" data-end=\"1604\" data-col-size=\"md\">Wy\u017csza drukowno\u015b\u0107 - g\u0142adka powierzchnia p\u0142\u00f3tna<\/td>\n<\/tr>\n<tr data-start=\"1605\" data-end=\"1675\">\n<td data-start=\"1605\" data-end=\"1628\" data-col-size=\"sm\"><strong data-start=\"1607\" data-end=\"1615\">Opieka<\/strong><\/td>\n<td data-col-size=\"md\" data-start=\"1628\" data-end=\"1675\">Pra\u0107 w pralce w temperaturze 30\u00b0C na odwrocie, nie suszy\u0107, nie wybiela\u0107<\/td>\n<\/tr>\n<\/tbody>\n<\/table>\n<\/div>\n<\/div>","protected":false},"excerpt":{"rendered":"<p><strong data-start=\"188\" data-end=\"218\">\u017bY\u0106 BY SZALE\u0106, SZALE\u0106 BY \u017bY\u0106<\/strong><\/p>\n<ul>\n<li>Kultowa koszulka unisex z odwa\u017cnym nadrukiem, kt\u00f3ry celebruje pasj\u0119 do rave'u&nbsp;<\/li>\n<li>Wykonany z wygodnej, oddychaj\u0105cej bawe\u0142ny, idealny do nocnych zestaw\u00f3w i dziennych stylizacji ulicznych<\/li>\n<\/ul>","protected":false},"featured_media":29989,"comment_status":"open","ping_status":"closed","template":"","meta":{"ngg_post_thumbnail":0,"_joinchat":[]},"product_brand":[],"product_cat":[195],"product_tag":[],"class_list":{"0":"post-29880","1":"product","2":"type-product","3":"status-publish","4":"has-post-thumbnail","6":"product_cat-merch","8":"first","9":"instock","10":"taxable","11":"shipping-taxable","12":"purchasable","13":"product-type-variable"},"yoast_head":"<!-- This site is optimized with the Yoast SEO plugin v24.9 - https:\/\/yoast.com\/wordpress\/plugins\/seo\/ -->\n<title>SUPREME HEAVYCOTTON T-SHIRT - &quot;LIVE TO RAVE, RAVE TO LIVE&quot; - SUPREME RAVES<\/title>\n<meta name=\"robots\" content=\"index, follow, max-snippet:-1, max-image-preview:large, max-video-preview:-1\" \/>\n<link rel=\"canonical\" href=\"https:\/\/supremeraves.com\/pl\/produkt\/supreme-heavycotton-t-shirt\/\" \/>\n<meta property=\"og:locale\" content=\"pl_PL\" \/>\n<meta property=\"og:type\" content=\"article\" \/>\n<meta property=\"og:title\" content=\"SUPREME HEAVYCOTTON T-SHIRT - &quot;LIVE TO RAVE, RAVE TO LIVE&quot; - SUPREME RAVES\" \/>\n<meta property=\"og:description\" content=\"LIVE TO RAVE, RAVE TO LIVE   ikonick\u00e9 unisex tri\u010dko s v\u00fdrazn\u00fdm potiskem, kter\u00fd oslavuje v\u00e1\u0161e\u0148 pro rave&nbsp;  vyrobeno z pohodln\u00e9, prody\u0161n\u00e9 bavlny, ide\u00e1ln\u00ed pro no\u010dn\u00ed sety i denn\u00ed street styl\" \/>\n<meta property=\"og:url\" content=\"https:\/\/supremeraves.com\/pl\/produkt\/supreme-heavycotton-t-shirt\/\" \/>\n<meta property=\"og:site_name\" content=\"SUPREME RAVES\" \/>\n<meta property=\"article:modified_time\" content=\"2026-02-17T19:56:54+00:00\" \/>\n<meta property=\"og:image\" content=\"https:\/\/supremeraves.com\/wp-content\/uploads\/2025\/06\/IMG_6407-2-scaled.jpg\" \/>\n\t<meta property=\"og:image:width\" content=\"1707\" \/>\n\t<meta property=\"og:image:height\" content=\"2560\" \/>\n\t<meta property=\"og:image:type\" content=\"image\/jpeg\" \/>\n<meta name=\"twitter:card\" content=\"summary_large_image\" \/>\n<meta name=\"twitter:label1\" content=\"Szacowany czas czytania\" \/>\n\t<meta name=\"twitter:data1\" content=\"2 minuty\" \/>\n<script type=\"application\/ld+json\" class=\"yoast-schema-graph\">{\"@context\":\"https:\/\/schema.org\",\"@graph\":[{\"@type\":\"WebPage\",\"@id\":\"https:\/\/supremeraves.com\/produkt\/supreme-heavycotton-t-shirt\/\",\"url\":\"https:\/\/supremeraves.com\/produkt\/supreme-heavycotton-t-shirt\/\",\"name\":\"SUPREME HEAVYCOTTON T-SHIRT - \\\"LIVE TO RAVE, RAVE TO LIVE\\\" - SUPREME RAVES\",\"isPartOf\":{\"@id\":\"https:\/\/supremeraves.com\/#website\"},\"primaryImageOfPage\":{\"@id\":\"https:\/\/supremeraves.com\/produkt\/supreme-heavycotton-t-shirt\/#primaryimage\"},\"image\":{\"@id\":\"https:\/\/supremeraves.com\/produkt\/supreme-heavycotton-t-shirt\/#primaryimage\"},\"thumbnailUrl\":\"https:\/\/supremeraves.com\/wp-content\/uploads\/2025\/06\/IMG_6407-2-scaled.jpg\",\"datePublished\":\"2025-06-23T14:49:04+00:00\",\"dateModified\":\"2026-02-17T19:56:54+00:00\",\"breadcrumb\":{\"@id\":\"https:\/\/supremeraves.com\/produkt\/supreme-heavycotton-t-shirt\/#breadcrumb\"},\"inLanguage\":\"pl-PL\",\"potentialAction\":[{\"@type\":\"ReadAction\",\"target\":[\"https:\/\/supremeraves.com\/produkt\/supreme-heavycotton-t-shirt\/\"]}]},{\"@type\":\"ImageObject\",\"inLanguage\":\"pl-PL\",\"@id\":\"https:\/\/supremeraves.com\/produkt\/supreme-heavycotton-t-shirt\/#primaryimage\",\"url\":\"https:\/\/supremeraves.com\/wp-content\/uploads\/2025\/06\/IMG_6407-2-scaled.jpg\",\"contentUrl\":\"https:\/\/supremeraves.com\/wp-content\/uploads\/2025\/06\/IMG_6407-2-scaled.jpg\",\"width\":1707,\"height\":2560},{\"@type\":\"BreadcrumbList\",\"@id\":\"https:\/\/supremeraves.com\/produkt\/supreme-heavycotton-t-shirt\/#breadcrumb\",\"itemListElement\":[{\"@type\":\"ListItem\",\"position\":1,\"name\":\"Home\",\"item\":\"https:\/\/supremeraves.com\/\"},{\"@type\":\"ListItem\",\"position\":2,\"name\":\"MERCH\",\"item\":\"https:\/\/supremeraves.com\/merch\/\"},{\"@type\":\"ListItem\",\"position\":3,\"name\":\"SUPREME HEAVYCOTTON T-SHIRT &#8211; &#8220;LIVE TO RAVE, RAVE TO LIVE&#8221;\"}]},{\"@type\":\"WebSite\",\"@id\":\"https:\/\/supremeraves.com\/#website\",\"url\":\"https:\/\/supremeraves.com\/\",\"name\":\"SUPREME RAVES\",\"description\":\"\",\"potentialAction\":[{\"@type\":\"SearchAction\",\"target\":{\"@type\":\"EntryPoint\",\"urlTemplate\":\"https:\/\/supremeraves.com\/?s={search_term_string}\"},\"query-input\":{\"@type\":\"PropertyValueSpecification\",\"valueRequired\":true,\"valueName\":\"search_term_string\"}}],\"inLanguage\":\"pl-PL\"}]}<\/script>\n<!-- \/ Yoast SEO plugin. -->","yoast_head_json":{"title":"SUPREME HEAVYCOTTON T-SHIRT - \"LIVE TO RAVE, RAVE TO LIVE\" - SUPREME RAVES","robots":{"index":"index","follow":"follow","max-snippet":"max-snippet:-1","max-image-preview":"max-image-preview:large","max-video-preview":"max-video-preview:-1"},"canonical":"https:\/\/supremeraves.com\/pl\/produkt\/supreme-heavycotton-t-shirt\/","og_locale":"pl_PL","og_type":"article","og_title":"SUPREME HEAVYCOTTON T-SHIRT - \"LIVE TO RAVE, RAVE TO LIVE\" - SUPREME RAVES","og_description":"LIVE TO RAVE, RAVE TO LIVE   ikonick\u00e9 unisex tri\u010dko s v\u00fdrazn\u00fdm potiskem, kter\u00fd oslavuje v\u00e1\u0161e\u0148 pro rave&nbsp;  vyrobeno z pohodln\u00e9, prody\u0161n\u00e9 bavlny, ide\u00e1ln\u00ed pro no\u010dn\u00ed sety i denn\u00ed street styl","og_url":"https:\/\/supremeraves.com\/pl\/produkt\/supreme-heavycotton-t-shirt\/","og_site_name":"SUPREME RAVES","article_modified_time":"2026-02-17T19:56:54+00:00","og_image":[{"width":1707,"height":2560,"url":"https:\/\/supremeraves.com\/wp-content\/uploads\/2025\/06\/IMG_6407-2-scaled.jpg","type":"image\/jpeg"}],"twitter_card":"summary_large_image","twitter_misc":{"Szacowany czas czytania":"2 minuty"},"schema":{"@context":"https:\/\/schema.org","@graph":[{"@type":"WebPage","@id":"https:\/\/supremeraves.com\/produkt\/supreme-heavycotton-t-shirt\/","url":"https:\/\/supremeraves.com\/produkt\/supreme-heavycotton-t-shirt\/","name":"SUPREME HEAVYCOTTON T-SHIRT - \"LIVE TO RAVE, RAVE TO LIVE\" - SUPREME RAVES","isPartOf":{"@id":"https:\/\/supremeraves.com\/#website"},"primaryImageOfPage":{"@id":"https:\/\/supremeraves.com\/produkt\/supreme-heavycotton-t-shirt\/#primaryimage"},"image":{"@id":"https:\/\/supremeraves.com\/produkt\/supreme-heavycotton-t-shirt\/#primaryimage"},"thumbnailUrl":"https:\/\/supremeraves.com\/wp-content\/uploads\/2025\/06\/IMG_6407-2-scaled.jpg","datePublished":"2025-06-23T14:49:04+00:00","dateModified":"2026-02-17T19:56:54+00:00","breadcrumb":{"@id":"https:\/\/supremeraves.com\/produkt\/supreme-heavycotton-t-shirt\/#breadcrumb"},"inLanguage":"pl-PL","potentialAction":[{"@type":"ReadAction","target":["https:\/\/supremeraves.com\/produkt\/supreme-heavycotton-t-shirt\/"]}]},{"@type":"ImageObject","inLanguage":"pl-PL","@id":"https:\/\/supremeraves.com\/produkt\/supreme-heavycotton-t-shirt\/#primaryimage","url":"https:\/\/supremeraves.com\/wp-content\/uploads\/2025\/06\/IMG_6407-2-scaled.jpg","contentUrl":"https:\/\/supremeraves.com\/wp-content\/uploads\/2025\/06\/IMG_6407-2-scaled.jpg","width":1707,"height":2560},{"@type":"BreadcrumbList","@id":"https:\/\/supremeraves.com\/produkt\/supreme-heavycotton-t-shirt\/#breadcrumb","itemListElement":[{"@type":"ListItem","position":1,"name":"Home","item":"https:\/\/supremeraves.com\/"},{"@type":"ListItem","position":2,"name":"MERCH","item":"https:\/\/supremeraves.com\/merch\/"},{"@type":"ListItem","position":3,"name":"SUPREME HEAVYCOTTON T-SHIRT &#8211; &#8220;LIVE TO RAVE, RAVE TO LIVE&#8221;"}]},{"@type":"WebSite","@id":"https:\/\/supremeraves.com\/#website","url":"https:\/\/supremeraves.com\/","name":"SUPREME RAVES","description":"","potentialAction":[{"@type":"SearchAction","target":{"@type":"EntryPoint","urlTemplate":"https:\/\/supremeraves.com\/?s={search_term_string}"},"query-input":{"@type":"PropertyValueSpecification","valueRequired":true,"valueName":"search_term_string"}}],"inLanguage":"pl-PL"}]}},"_links":{"self":[{"href":"https:\/\/supremeraves.com\/pl\/wp-json\/wp\/v2\/product\/29880","targetHints":{"allow":["GET"]}}],"collection":[{"href":"https:\/\/supremeraves.com\/pl\/wp-json\/wp\/v2\/product"}],"about":[{"href":"https:\/\/supremeraves.com\/pl\/wp-json\/wp\/v2\/types\/product"}],"replies":[{"embeddable":true,"href":"https:\/\/supremeraves.com\/pl\/wp-json\/wp\/v2\/comments?post=29880"}],"version-history":[{"count":6,"href":"https:\/\/supremeraves.com\/pl\/wp-json\/wp\/v2\/product\/29880\/revisions"}],"predecessor-version":[{"id":29935,"href":"https:\/\/supremeraves.com\/pl\/wp-json\/wp\/v2\/product\/29880\/revisions\/29935"}],"wp:featuredmedia":[{"embeddable":true,"href":"https:\/\/supremeraves.com\/pl\/wp-json\/wp\/v2\/media\/29989"}],"wp:attachment":[{"href":"https:\/\/supremeraves.com\/pl\/wp-json\/wp\/v2\/media?parent=29880"}],"wp:term":[{"taxonomy":"product_brand","embeddable":true,"href":"https:\/\/supremeraves.com\/pl\/wp-json\/wp\/v2\/product_brand?post=29880"},{"taxonomy":"product_cat","embeddable":true,"href":"https:\/\/supremeraves.com\/pl\/wp-json\/wp\/v2\/product_cat?post=29880"},{"taxonomy":"product_tag","embeddable":true,"href":"https:\/\/supremeraves.com\/pl\/wp-json\/wp\/v2\/product_tag?post=29880"}],"curies":[{"name":"wp","href":"https:\/\/api.w.org\/{rel}","templated":true}]}}