{"id":29885,"date":"2025-06-23T20:14:22","date_gmt":"2025-06-23T18:14:22","guid":{"rendered":"https:\/\/supremeraves.com\/?post_type=product&#038;p=29885"},"modified":"2025-12-04T12:01:08","modified_gmt":"2025-12-04T11:01:08","slug":"supreme-hat-live-to-rave-rave-to-live","status":"publish","type":"product","link":"https:\/\/supremeraves.com\/pl\/produkt\/supreme-hat-live-to-rave-rave-to-live\/","title":{"rendered":"SUPREME HAT - \"LIVE TO RAVE, RAVE TO LIVE\""},"content":{"rendered":"<p data-start=\"220\" data-end=\"278\"><span class=\"relative -mx-px my-[-0.2rem] rounded px-px py-[0.2rem] transition-colors duration-100 ease-in-out\">Ta czapka \u0142\u0105czy w sobie minimalistyczny, ale charakterystyczny slogan <strong data-start=\"60\" data-end=\"92\">\"\u017bY\u0106 BY SZALE\u0106, SZALE\u0106 BY \u017bY\u0106\"<\/strong> ze sprawdzonym ci\u0119ciem Malfini 5P 307.<\/span><\/p>\n<p data-start=\"220\" data-end=\"278\"><span class=\"relative -mx-px my-[-0.2rem] rounded px-px py-[0.2rem] transition-colors duration-100 ease-in-out\"> Konstrukcja unisex jest idealna do stroj\u00f3w streetwearowych i festiwalowych.<\/span><\/p>\n<h4 data-start=\"280\" data-end=\"307\"><strong data-start=\"280\" data-end=\"305\">Konstrukcja i materia\u0142<\/strong><\/h4>\n<ul data-start=\"308\" data-end=\"679\">\n<li data-start=\"308\" data-end=\"349\">\n<p data-start=\"310\" data-end=\"349\"><span class=\"relative -mx-px my-[-0.2rem] rounded px-px py-[0.2rem] transition-colors duration-100 ease-in-out\"><strong data-start=\"0\" data-end=\"10\" data-is-only-node=\"\">Ci\u0119cie:<\/strong> pi\u0119ciopanelowy (5-panelowy), kt\u00f3ry zapewnia g\u0142adki, solidny kszta\u0142t<\/span><\/p>\n<\/li>\n<li data-start=\"350\" data-end=\"429\">\n<p data-start=\"352\" data-end=\"429\"><span class=\"relative -mx-px my-[-0.2rem] rounded px-px py-[0.2rem] transition-colors duration-100 ease-in-out\"><strong data-start=\"0\" data-end=\"13\" data-is-only-node=\"\">Materia\u0142:<\/strong> 100 bawe\u0142na szczotkowana % (szczotkowany diagonal) o g\u0119sto\u015bci ok. 340 g\/m\u00b2 - zapewniaj\u0105ca wyj\u0105tkow\u0105 oddychalno\u015b\u0107 i trwa\u0142o\u015b\u0107<\/span><\/p>\n<\/li>\n<li data-start=\"430\" data-end=\"471\">\n<p data-start=\"432\" data-end=\"471\"><span class=\"relative -mx-px my-[-0.2rem] rounded px-px py-[0.2rem] transition-colors duration-100 ease-in-out\"><strong data-start=\"0\" data-end=\"10\" data-is-only-node=\"\">Kshilt:<\/strong> lekko zakrzywiony, dobrze trzyma kszta\u0142t pod s\u0142o\u0144ce<\/span><\/p>\n<\/li>\n<li data-start=\"472\" data-end=\"551\">\n<p data-start=\"474\" data-end=\"551\"><span class=\"relative -mx-px my-[-0.2rem] rounded px-px py-[0.2rem] transition-colors duration-100 ease-in-out\"><strong data-start=\"0\" data-end=\"19\" data-is-only-node=\"\">Otwory wentylacyjne:<\/strong> Drobne perforacje po bokach dla lepszej cyrkulacji powietrza<\/span><\/p>\n<\/li>\n<li data-start=\"552\" data-end=\"595\">\n<p data-start=\"554\" data-end=\"595\"><span class=\"relative -mx-px my-[-0.2rem] rounded px-px py-[0.2rem] transition-colors duration-100 ease-in-out\"><strong data-start=\"0\" data-end=\"12\" data-is-only-node=\"\">Opaska na g\u0142ow\u0119:<\/strong> Mi\u0119kka wewn\u0119trzna opaska przeciwpotna dla wi\u0119kszego komfortu<\/span><\/p>\n<\/li>\n<li data-start=\"596\" data-end=\"679\">\n<p data-start=\"598\" data-end=\"679\"><span class=\"relative -mx-px my-[-0.2rem] rounded px-px py-[0.2rem] transition-colors duration-100 ease-in-out\"><strong data-start=\"0\" data-end=\"14\" data-is-only-node=\"\">Wycofanie:<\/strong> metalowa klamra z ty\u0142u - \u0142atwa i szybka regulacja rozmiaru<\/span><\/p>\n<\/li>\n<\/ul>\n<h4 data-start=\"681\" data-end=\"702\"><strong data-start=\"681\" data-end=\"700\">Zaprojektuj slogan<\/strong><\/h4>\n<ul data-start=\"703\" data-end=\"847\">\n<li data-start=\"703\" data-end=\"847\">\n<p data-start=\"705\" data-end=\"847\">Has\u0142o jest stylowo wyhaftowane na przednim panelu <strong data-start=\"745\" data-end=\"777\">\"\u017bY\u0106 BY SZALE\u0106, SZALE\u0106 BY \u017bY\u0106\"<\/strong> - wyrazisty, ale subtelny, w kolorze bia\u0142ym.<\/p>\n<\/li>\n<\/ul>\n<h4 data-start=\"849\" data-end=\"870\"><strong data-start=\"849\" data-end=\"868\">Dlaczego jest \u015bwietna:<\/strong><\/h4>\n<ul data-start=\"871\" data-end=\"1123\">\n<li data-start=\"871\" data-end=\"931\">\n<p data-start=\"873\" data-end=\"931\">Kr\u00f3j 5P 307 zapewnia solidny kszta\u0142t i profesjonalny wygl\u0105d<\/p>\n<\/li>\n<li data-start=\"932\" data-end=\"986\">\n<p data-start=\"934\" data-end=\"986\">Wysokiej jako\u015bci czesana bawe\u0142na jest wygodna i trwa\u0142a<\/p>\n<\/li>\n<li data-start=\"987\" data-end=\"1052\">\n<p data-start=\"989\" data-end=\"1052\">Metalowy sznurek zapewnia \u0142atwe dopasowanie dla ka\u017cdego<\/p>\n<\/li>\n<li data-start=\"1053\" data-end=\"1123\">\n<p data-start=\"1055\" data-end=\"1123\">Haft na przednim panelu podkre\u015bla festiwalowy styl i nadaje charakterystycznego wyrazu.<\/p>\n<\/li>\n<\/ul>\n<div class=\"_tableContainer_16hzy_1\">\n<table>\n<thead>\n<tr>\n<th>Sekcja<\/th>\n<th style=\"text-align: center;\">Dodatek<\/th>\n<\/tr>\n<\/thead>\n<tbody>\n<tr>\n<td><strong>Materia\u0142<\/strong><\/td>\n<td>100 bawe\u0142na czesana %, ok. 340 g\/m\u00b2<\/td>\n<\/tr>\n<tr>\n<td><strong>Ci\u0119cie<\/strong><\/td>\n<td>5-panelowy (Malfini 5P 307)<\/td>\n<\/tr>\n<tr>\n<td><strong>Elementy z\u0142\u0105czne<\/strong><\/td>\n<td>Regulowana metalowa klamra<\/td>\n<\/tr>\n<tr>\n<td><strong>Kolory<\/strong><\/td>\n<td>Czarny z bia\u0142ym haftem<\/td>\n<\/tr>\n<tr>\n<td><strong>Opieka<\/strong><\/td>\n<td>Zalecane pranie r\u0119czne, unika\u0107 pralki i wysokich temperatur<\/td>\n<\/tr>\n<\/tbody>\n<\/table>\n<\/div>","protected":false},"excerpt":{"rendered":"<p><strong data-start=\"188\" data-end=\"218\">\u017bY\u0106 BY SZALE\u0106, SZALE\u0106 BY \u017bY\u0106<\/strong><\/p>\n<ul>\n<li>Kultowa czapka z haftem <strong data-start=\"216\" data-end=\"248\">\"\u017bY\u0106 BY SZALE\u0106, SZALE\u0106 BY \u017bY\u0106\"<\/strong><\/li>\n<li>Zestaw dla ka\u017cdego, kto \u017cyje muzyk\u0105<\/li>\n<li>Stylowa ochrona przeciws\u0142oneczna i niezb\u0119dny dodatek dla ka\u017cdego ravera.<\/li>\n<\/ul>","protected":false},"featured_media":29982,"comment_status":"open","ping_status":"closed","template":"","meta":{"ngg_post_thumbnail":0,"_joinchat":[]},"product_brand":[],"product_cat":[195],"product_tag":[],"class_list":{"0":"post-29885","1":"product","2":"type-product","3":"status-publish","4":"has-post-thumbnail","6":"product_cat-merch","8":"first","9":"instock","10":"taxable","11":"shipping-taxable","12":"purchasable","13":"product-type-simple"},"yoast_head":"<!-- This site is optimized with the Yoast SEO plugin v24.9 - https:\/\/yoast.com\/wordpress\/plugins\/seo\/ -->\n<title>SUPREME HAT - &quot;LIVE TO RAVE, RAVE TO LIVE&quot; - SUPREME RAVES<\/title>\n<meta name=\"robots\" content=\"index, follow, max-snippet:-1, max-image-preview:large, max-video-preview:-1\" \/>\n<link rel=\"canonical\" href=\"https:\/\/supremeraves.com\/pl\/produkt\/supreme-hat-live-to-rave-rave-to-live\/\" \/>\n<meta property=\"og:locale\" content=\"pl_PL\" \/>\n<meta property=\"og:type\" content=\"article\" \/>\n<meta property=\"og:title\" content=\"SUPREME HAT - &quot;LIVE TO RAVE, RAVE TO LIVE&quot; - SUPREME RAVES\" \/>\n<meta property=\"og:description\" content=\"LIVE TO RAVE, RAVE TO LIVE   Ikonick\u00e1 k\u0161iltovka s v\u00fd\u0161ivkou \u201eLIVE TO RAVE, RAVE TO LIVE\u201c  statement kousek pro ka\u017ed\u00e9ho, kdo \u017eije hudbou  stylov\u00e1 ochrana proti slunci i must-have dopln\u011bk ka\u017ed\u00e9ho ravera.\" \/>\n<meta property=\"og:url\" content=\"https:\/\/supremeraves.com\/pl\/produkt\/supreme-hat-live-to-rave-rave-to-live\/\" \/>\n<meta property=\"og:site_name\" content=\"SUPREME RAVES\" \/>\n<meta property=\"article:modified_time\" content=\"2025-12-04T11:01:08+00:00\" \/>\n<meta property=\"og:image\" content=\"https:\/\/supremeraves.com\/wp-content\/uploads\/2025\/06\/IMG_6394-2-scaled.jpg\" \/>\n\t<meta property=\"og:image:width\" content=\"1706\" \/>\n\t<meta property=\"og:image:height\" content=\"2560\" \/>\n\t<meta property=\"og:image:type\" content=\"image\/jpeg\" \/>\n<meta name=\"twitter:card\" content=\"summary_large_image\" \/>\n<meta name=\"twitter:label1\" content=\"Szacowany czas czytania\" \/>\n\t<meta name=\"twitter:data1\" content=\"2 minuty\" \/>\n<script type=\"application\/ld+json\" class=\"yoast-schema-graph\">{\"@context\":\"https:\/\/schema.org\",\"@graph\":[{\"@type\":\"WebPage\",\"@id\":\"https:\/\/supremeraves.com\/produkt\/supreme-hat-live-to-rave-rave-to-live\/\",\"url\":\"https:\/\/supremeraves.com\/produkt\/supreme-hat-live-to-rave-rave-to-live\/\",\"name\":\"SUPREME HAT - \\\"LIVE TO RAVE, RAVE TO LIVE\\\" - SUPREME RAVES\",\"isPartOf\":{\"@id\":\"https:\/\/supremeraves.com\/#website\"},\"primaryImageOfPage\":{\"@id\":\"https:\/\/supremeraves.com\/produkt\/supreme-hat-live-to-rave-rave-to-live\/#primaryimage\"},\"image\":{\"@id\":\"https:\/\/supremeraves.com\/produkt\/supreme-hat-live-to-rave-rave-to-live\/#primaryimage\"},\"thumbnailUrl\":\"https:\/\/supremeraves.com\/wp-content\/uploads\/2025\/06\/IMG_6394-2-scaled.jpg\",\"datePublished\":\"2025-06-23T18:14:22+00:00\",\"dateModified\":\"2025-12-04T11:01:08+00:00\",\"breadcrumb\":{\"@id\":\"https:\/\/supremeraves.com\/produkt\/supreme-hat-live-to-rave-rave-to-live\/#breadcrumb\"},\"inLanguage\":\"pl-PL\",\"potentialAction\":[{\"@type\":\"ReadAction\",\"target\":[\"https:\/\/supremeraves.com\/produkt\/supreme-hat-live-to-rave-rave-to-live\/\"]}]},{\"@type\":\"ImageObject\",\"inLanguage\":\"pl-PL\",\"@id\":\"https:\/\/supremeraves.com\/produkt\/supreme-hat-live-to-rave-rave-to-live\/#primaryimage\",\"url\":\"https:\/\/supremeraves.com\/wp-content\/uploads\/2025\/06\/IMG_6394-2-scaled.jpg\",\"contentUrl\":\"https:\/\/supremeraves.com\/wp-content\/uploads\/2025\/06\/IMG_6394-2-scaled.jpg\",\"width\":1706,\"height\":2560},{\"@type\":\"BreadcrumbList\",\"@id\":\"https:\/\/supremeraves.com\/produkt\/supreme-hat-live-to-rave-rave-to-live\/#breadcrumb\",\"itemListElement\":[{\"@type\":\"ListItem\",\"position\":1,\"name\":\"Home\",\"item\":\"https:\/\/supremeraves.com\/\"},{\"@type\":\"ListItem\",\"position\":2,\"name\":\"MERCH\",\"item\":\"https:\/\/supremeraves.com\/merch\/\"},{\"@type\":\"ListItem\",\"position\":3,\"name\":\"SUPREME HAT &#8211; &#8220;LIVE TO RAVE, RAVE TO LIVE&#8221;\"}]},{\"@type\":\"WebSite\",\"@id\":\"https:\/\/supremeraves.com\/#website\",\"url\":\"https:\/\/supremeraves.com\/\",\"name\":\"SUPREME RAVES\",\"description\":\"\",\"potentialAction\":[{\"@type\":\"SearchAction\",\"target\":{\"@type\":\"EntryPoint\",\"urlTemplate\":\"https:\/\/supremeraves.com\/?s={search_term_string}\"},\"query-input\":{\"@type\":\"PropertyValueSpecification\",\"valueRequired\":true,\"valueName\":\"search_term_string\"}}],\"inLanguage\":\"pl-PL\"}]}<\/script>\n<!-- \/ Yoast SEO plugin. -->","yoast_head_json":{"title":"SUPREME HAT - \"LIVE TO RAVE, RAVE TO LIVE\" - SUPREME RAVES","robots":{"index":"index","follow":"follow","max-snippet":"max-snippet:-1","max-image-preview":"max-image-preview:large","max-video-preview":"max-video-preview:-1"},"canonical":"https:\/\/supremeraves.com\/pl\/produkt\/supreme-hat-live-to-rave-rave-to-live\/","og_locale":"pl_PL","og_type":"article","og_title":"SUPREME HAT - \"LIVE TO RAVE, RAVE TO LIVE\" - SUPREME RAVES","og_description":"LIVE TO RAVE, RAVE TO LIVE   Ikonick\u00e1 k\u0161iltovka s v\u00fd\u0161ivkou \u201eLIVE TO RAVE, RAVE TO LIVE\u201c  statement kousek pro ka\u017ed\u00e9ho, kdo \u017eije hudbou  stylov\u00e1 ochrana proti slunci i must-have dopln\u011bk ka\u017ed\u00e9ho ravera.","og_url":"https:\/\/supremeraves.com\/pl\/produkt\/supreme-hat-live-to-rave-rave-to-live\/","og_site_name":"SUPREME RAVES","article_modified_time":"2025-12-04T11:01:08+00:00","og_image":[{"width":1706,"height":2560,"url":"https:\/\/supremeraves.com\/wp-content\/uploads\/2025\/06\/IMG_6394-2-scaled.jpg","type":"image\/jpeg"}],"twitter_card":"summary_large_image","twitter_misc":{"Szacowany czas czytania":"2 minuty"},"schema":{"@context":"https:\/\/schema.org","@graph":[{"@type":"WebPage","@id":"https:\/\/supremeraves.com\/produkt\/supreme-hat-live-to-rave-rave-to-live\/","url":"https:\/\/supremeraves.com\/produkt\/supreme-hat-live-to-rave-rave-to-live\/","name":"SUPREME HAT - \"LIVE TO RAVE, RAVE TO LIVE\" - SUPREME RAVES","isPartOf":{"@id":"https:\/\/supremeraves.com\/#website"},"primaryImageOfPage":{"@id":"https:\/\/supremeraves.com\/produkt\/supreme-hat-live-to-rave-rave-to-live\/#primaryimage"},"image":{"@id":"https:\/\/supremeraves.com\/produkt\/supreme-hat-live-to-rave-rave-to-live\/#primaryimage"},"thumbnailUrl":"https:\/\/supremeraves.com\/wp-content\/uploads\/2025\/06\/IMG_6394-2-scaled.jpg","datePublished":"2025-06-23T18:14:22+00:00","dateModified":"2025-12-04T11:01:08+00:00","breadcrumb":{"@id":"https:\/\/supremeraves.com\/produkt\/supreme-hat-live-to-rave-rave-to-live\/#breadcrumb"},"inLanguage":"pl-PL","potentialAction":[{"@type":"ReadAction","target":["https:\/\/supremeraves.com\/produkt\/supreme-hat-live-to-rave-rave-to-live\/"]}]},{"@type":"ImageObject","inLanguage":"pl-PL","@id":"https:\/\/supremeraves.com\/produkt\/supreme-hat-live-to-rave-rave-to-live\/#primaryimage","url":"https:\/\/supremeraves.com\/wp-content\/uploads\/2025\/06\/IMG_6394-2-scaled.jpg","contentUrl":"https:\/\/supremeraves.com\/wp-content\/uploads\/2025\/06\/IMG_6394-2-scaled.jpg","width":1706,"height":2560},{"@type":"BreadcrumbList","@id":"https:\/\/supremeraves.com\/produkt\/supreme-hat-live-to-rave-rave-to-live\/#breadcrumb","itemListElement":[{"@type":"ListItem","position":1,"name":"Home","item":"https:\/\/supremeraves.com\/"},{"@type":"ListItem","position":2,"name":"MERCH","item":"https:\/\/supremeraves.com\/merch\/"},{"@type":"ListItem","position":3,"name":"SUPREME HAT &#8211; &#8220;LIVE TO RAVE, RAVE TO LIVE&#8221;"}]},{"@type":"WebSite","@id":"https:\/\/supremeraves.com\/#website","url":"https:\/\/supremeraves.com\/","name":"SUPREME RAVES","description":"","potentialAction":[{"@type":"SearchAction","target":{"@type":"EntryPoint","urlTemplate":"https:\/\/supremeraves.com\/?s={search_term_string}"},"query-input":{"@type":"PropertyValueSpecification","valueRequired":true,"valueName":"search_term_string"}}],"inLanguage":"pl-PL"}]}},"_links":{"self":[{"href":"https:\/\/supremeraves.com\/pl\/wp-json\/wp\/v2\/product\/29885","targetHints":{"allow":["GET"]}}],"collection":[{"href":"https:\/\/supremeraves.com\/pl\/wp-json\/wp\/v2\/product"}],"about":[{"href":"https:\/\/supremeraves.com\/pl\/wp-json\/wp\/v2\/types\/product"}],"replies":[{"embeddable":true,"href":"https:\/\/supremeraves.com\/pl\/wp-json\/wp\/v2\/comments?post=29885"}],"version-history":[{"count":5,"href":"https:\/\/supremeraves.com\/pl\/wp-json\/wp\/v2\/product\/29885\/revisions"}],"predecessor-version":[{"id":30004,"href":"https:\/\/supremeraves.com\/pl\/wp-json\/wp\/v2\/product\/29885\/revisions\/30004"}],"wp:featuredmedia":[{"embeddable":true,"href":"https:\/\/supremeraves.com\/pl\/wp-json\/wp\/v2\/media\/29982"}],"wp:attachment":[{"href":"https:\/\/supremeraves.com\/pl\/wp-json\/wp\/v2\/media?parent=29885"}],"wp:term":[{"taxonomy":"product_brand","embeddable":true,"href":"https:\/\/supremeraves.com\/pl\/wp-json\/wp\/v2\/product_brand?post=29885"},{"taxonomy":"product_cat","embeddable":true,"href":"https:\/\/supremeraves.com\/pl\/wp-json\/wp\/v2\/product_cat?post=29885"},{"taxonomy":"product_tag","embeddable":true,"href":"https:\/\/supremeraves.com\/pl\/wp-json\/wp\/v2\/product_tag?post=29885"}],"curies":[{"name":"wp","href":"https:\/\/api.w.org\/{rel}","templated":true}]}}